{"id":9,"date":"2014-01-25T22:54:21","date_gmt":"2014-01-25T20:54:21","guid":{"rendered":"http:\/\/localhost\/wordpress\/?page_id=9"},"modified":"2020-11-29T22:06:45","modified_gmt":"2020-11-29T21:06:45","slug":"willkommen-2","status":"publish","type":"page","link":"https:\/\/logopaedie-hoeber.de\/","title":{"rendered":"Willkommen"},"content":{"rendered":"<p>Menschen sprechen. Je besser man sprechen bzw. sich mitteilen kann, umso mehr nimmt man teil und geh\u00f6rt dazu &#8211; im Beruf, in der Familie, im Sport und Spiel.<\/p>\n<p>Sprachst\u00f6rungen erschweren das Leben. Wenn man sich nicht mitteilen kann, f\u00fchlt man sich ausgeschlossen. Doch das kann man \u00e4ndern:<\/p>\n<p>Spezialisten wie wir k\u00f6nnen da gezielt helfen.<\/p>\n<p>Um f\u00fcr alle Patienten eine bestm\u00f6gliche, individuelle Versorgung gew\u00e4hrleisten zu k\u00f6nnen, legen wir gro\u00dfen Wert auf die interdisziplin\u00e4re Zusammenarbeit mit \u00c4rzten, Therapeuten anderer Berufsgruppen und sozialen Einrichtungen, wie z.B. Kinderg\u00e4rten und Pflegeheimen.<\/p>\n<p><b>Die Behandlung folgender St\u00f6rungsbilder bieten wir Ihnen in der Praxis oder bei Bedarf im Hausbesuch an:<\/b><\/p>\n<h2>Stimmst\u00f6rung<\/h2>\n<ul>\n<li>funktionelle, organische und psychogene Stimmst\u00f6rungen (Dysphonien) bei Kindern und Erwachsenen, z.B. Fehlbelastung der Stimme, Stimmbandl\u00e4hmungen<\/li>\n<\/ul>\n<h2>Sprechst\u00f6rung<\/h2>\n<ul>\n<li>St\u00f6rungen der kindlichen Lautbildung (Dyslalie), z.B. Lispeln<\/li>\n<li>St\u00f6rungen des Sprechablaufes (Stottern, Poltern) bei Kindern<\/li>\n<li>Organische Sprechst\u00f6rungen (Dysarthrien) bei neurologischen Erkrankungen<\/li>\n<\/ul>\n<h2>Sprachst\u00f6rung<\/h2>\n<ul>\n<li>Kindliche Sprachentwicklungsverz\u00f6gerungen aller Art mit Defiziten u.a. in den Bereichen Wortschatz, Grammatik und Satzbildung<\/li>\n<li>Organische Sprachst\u00f6rungen bei Erwachsenen (Aphasien), z.B. nach Schlaganfall<\/li>\n<\/ul>\n<h2>Schluckst\u00f6rungen<\/h2>\n<ul>\n<li>Organische Schluckst\u00f6rungen (Dysphagien) bei Kindern und Erwachsenen, z.B. bei neurologischen Erkrankungen<\/li>\n<li>Funktionelle Fehlfunktion der Zunge bei Kindern (myofunktionelle St\u00f6rung), h\u00e4ufig begleitend bei kieferorthop\u00e4dischen Behandlungen<\/li>\n<\/ul>\n<h2>Lese-Rechtschreib-Schw\u00e4che (LRS)<\/h2>\n","protected":false},"excerpt":{"rendered":"<p>Menschen sprechen. Je besser man sprechen bzw. sich mitteilen kann, umso mehr nimmt man teil und geh\u00f6rt dazu &#8211; im Beruf, in der Familie, im Sport und Spiel. Sprachst\u00f6rungen erschweren das Leben. Wenn man sich nicht mitteilen kann, f\u00fchlt man sich ausgeschlossen. Doch das kann man \u00e4ndern: Spezialisten wie wir k\u00f6nnen da gezielt helfen. Um [&hellip;]<\/p>\n","protected":false},"author":3,"featured_media":0,"parent":0,"menu_order":0,"comment_status":"closed","ping_status":"closed","template":"","meta":{"footnotes":""},"class_list":["post-9","page","type-page","status-publish","hentry"],"_links":{"self":[{"href":"https:\/\/logopaedie-hoeber.de\/index.php?rest_route=\/wp\/v2\/pages\/9","targetHints":{"allow":["GET"]}}],"collection":[{"href":"https:\/\/logopaedie-hoeber.de\/index.php?rest_route=\/wp\/v2\/pages"}],"about":[{"href":"https:\/\/logopaedie-hoeber.de\/index.php?rest_route=\/wp\/v2\/types\/page"}],"author":[{"embeddable":true,"href":"https:\/\/logopaedie-hoeber.de\/index.php?rest_route=\/wp\/v2\/users\/3"}],"replies":[{"embeddable":true,"href":"https:\/\/logopaedie-hoeber.de\/index.php?rest_route=%2Fwp%2Fv2%2Fcomments&post=9"}],"version-history":[{"count":16,"href":"https:\/\/logopaedie-hoeber.de\/index.php?rest_route=\/wp\/v2\/pages\/9\/revisions"}],"predecessor-version":[{"id":417,"href":"https:\/\/logopaedie-hoeber.de\/index.php?rest_route=\/wp\/v2\/pages\/9\/revisions\/417"}],"wp:attachment":[{"href":"https:\/\/logopaedie-hoeber.de\/index.php?rest_route=%2Fwp%2Fv2%2Fmedia&parent=9"}],"curies":[{"name":"wp","href":"https:\/\/api.w.org\/{rel}","templated":true}]}}