{"id":64,"date":"2016-09-27T21:36:52","date_gmt":"2016-09-27T19:36:52","guid":{"rendered":"http:\/\/localhost\/wordpress\/?page_id=64"},"modified":"2020-11-29T22:24:03","modified_gmt":"2020-11-29T21:24:03","slug":"partner","status":"publish","type":"page","link":"https:\/\/logopaedie-hoeber.de\/?page_id=64","title":{"rendered":"Partner"},"content":{"rendered":"<h2>Allianz Hauptvertretung Simone Rolle<\/h2>\n<p><a href=\"https:\/\/vertretung.allianz.de\/simone.rolle\">https:\/\/vertretung.allianz.de\/simone.rolle<\/a><\/p>\n<h2>ASB Behindertenhilfe- und Rehabilitations GmbH <\/h2>\n<p><a href=\"https:\/\/www.behinderten-reha.de\/index.htm\">https:\/\/www.behinderten-reha.de\/index.htm<\/a><\/p>\n<h2>Bundesverband f\u00fcr Logop\u00e4die e.V.<\/h2>\n<p><a href=\"https:\/\/www.dbl-ev.de\/\">https:\/\/www.dbl-ev.de\/<\/a><\/p>\n<h2>Carqueville<\/h2>\n<p><a href=\"https:\/\/www.carqueville-online.de\/\">https:\/\/www.carqueville-online.de\/<\/a><\/p>\n<h2>Interdisziplin\u00e4re Fr\u00fchf\u00f6rderung &#8211; Lebenshilfe Gera e.V.<\/h2>\n<p><a href=\"https:\/\/www.lebenshilfe-gera.de\/\">https:\/\/www.lebenshilfe-gera.de\/<\/a><\/p>\n<h2>Kasseler Stottertherapie<\/h2>\n<p><a href=\"https:\/\/www.kasseler-stottertherapie.de\/\">https:\/\/www.kasseler-stottertherapie.de\/<\/a><\/p>\n<h2>Kleiner Prinz &#8211; Interdisziplin\u00e4re Fr\u00fchf\u00f6rderstelle<\/h2>\n<p><a href=\"https:\/\/www.iff-kleinerprinz.de\/\">https:\/\/www.iff-kleinerprinz.de\/<\/a><\/p>\n<h2>Kommunikationstrainer Jan Gutte<\/h2>\n<p><a href=\"https:\/\/www.gutte-kommunikation.de\/\">https:\/\/www.gutte-kommunikation.de\/<\/a><\/p>\n<h2>Landesverband Th\u00fcringen f\u00fcr die Rehabilitation der Aphasiker e.V.<\/h2>\n<p><a href=\"https:\/\/www.aphasiker-thueringen.de\/\">https:\/\/www.aphasiker-thueringen.de\/<\/a><\/p>\n<h2>Schlaganfallzentrum Erfurt<\/h2>\n<p><a href=\"https:\/\/www.schlaganfall-erfurt.de\/\">https:\/\/www.schlaganfall-erfurt.de\/\/<\/a><\/p>\n<h2>Selbsthilfegruppe f\u00fcr Aphasie und Schlaganfall im Saale-Holzland-Kreis<\/h2>\n<p><a href=\"http:\/\/www.shg-schlaganfall-aphasie-shk.de\/\">http:\/\/www.shg-schlaganfall-aphasie-shk.de\/<\/a><\/p>\n<h2>Stiftung Deutsche Schlaganfall Hilfe<\/h2>\n<p><a href=\"https:\/\/www.schlaganfall-hilfe.de\/\">https:\/\/www.schlaganfall-hilfe.de\/<\/a><\/p>\n<h2>STOTTERN &#8211; Bundesvereinigung Stottern &amp; Selbsthilfe e.V.<\/h2>\n<p><a href=\"https:\/\/www.selbsthilfe-stottern.de\/\">https:\/\/www.selbsthilfe-stottern.de\/<\/a><\/p>\n<h2>Volkshochschule Saale-Holzland e.V,<\/h2>\n<p><a href=\"https:\/\/www.volkshochschule-shk.de\/\">https:\/\/www.volkshochschule-shk.de\/<\/a><\/p>\n\n\n<p><\/p>\n","protected":false},"excerpt":{"rendered":"<p>Allianz Hauptvertretung Simone Rolle https:\/\/vertretung.allianz.de\/simone.rolle ASB Behindertenhilfe- und Rehabilitations GmbH https:\/\/www.behinderten-reha.de\/index.htm Bundesverband f\u00fcr Logop\u00e4die e.V. https:\/\/www.dbl-ev.de\/ Carqueville https:\/\/www.carqueville-online.de\/ Interdisziplin\u00e4re Fr\u00fchf\u00f6rderung &#8211; Lebenshilfe Gera e.V. https:\/\/www.lebenshilfe-gera.de\/ Kasseler Stottertherapie https:\/\/www.kasseler-stottertherapie.de\/ Kleiner Prinz &#8211; Interdisziplin\u00e4re Fr\u00fchf\u00f6rderstelle https:\/\/www.iff-kleinerprinz.de\/ Kommunikationstrainer Jan Gutte https:\/\/www.gutte-kommunikation.de\/ Landesverband Th\u00fcringen f\u00fcr die Rehabilitation der Aphasiker e.V. https:\/\/www.aphasiker-thueringen.de\/ Schlaganfallzentrum Erfurt https:\/\/www.schlaganfall-erfurt.de\/\/ Selbsthilfegruppe f\u00fcr Aphasie und Schlaganfall [&hellip;]<\/p>\n","protected":false},"author":3,"featured_media":0,"parent":0,"menu_order":0,"comment_status":"closed","ping_status":"closed","template":"","meta":{"footnotes":""},"class_list":["post-64","page","type-page","status-publish","hentry"],"_links":{"self":[{"href":"https:\/\/logopaedie-hoeber.de\/index.php?rest_route=\/wp\/v2\/pages\/64","targetHints":{"allow":["GET"]}}],"collection":[{"href":"https:\/\/logopaedie-hoeber.de\/index.php?rest_route=\/wp\/v2\/pages"}],"about":[{"href":"https:\/\/logopaedie-hoeber.de\/index.php?rest_route=\/wp\/v2\/types\/page"}],"author":[{"embeddable":true,"href":"https:\/\/logopaedie-hoeber.de\/index.php?rest_route=\/wp\/v2\/users\/3"}],"replies":[{"embeddable":true,"href":"https:\/\/logopaedie-hoeber.de\/index.php?rest_route=%2Fwp%2Fv2%2Fcomments&post=64"}],"version-history":[{"count":15,"href":"https:\/\/logopaedie-hoeber.de\/index.php?rest_route=\/wp\/v2\/pages\/64\/revisions"}],"predecessor-version":[{"id":422,"href":"https:\/\/logopaedie-hoeber.de\/index.php?rest_route=\/wp\/v2\/pages\/64\/revisions\/422"}],"wp:attachment":[{"href":"https:\/\/logopaedie-hoeber.de\/index.php?rest_route=%2Fwp%2Fv2%2Fmedia&parent=64"}],"curies":[{"name":"wp","href":"https:\/\/api.w.org\/{rel}","templated":true}]}}