{"id":62,"date":"2016-09-27T21:35:46","date_gmt":"2016-09-27T19:35:46","guid":{"rendered":"http:\/\/localhost\/wordpress\/?page_id=62"},"modified":"2023-10-11T20:49:55","modified_gmt":"2023-10-11T19:49:55","slug":"jobs-und-karriere","status":"publish","type":"page","link":"https:\/\/logopaedie-hoeber.de\/?page_id=62","title":{"rendered":"Jobs und Karriere"},"content":{"rendered":"<p>Wir sind eine \u00fcber viele Jahre etablierte Praxis und arbeiten an vier Standorten in Hermsdorf, Eisenberg, Gera und Bad K\u00f6stritz. Die Praxis verf\u00fcgt \u00fcber ein gut ausgebautes Netzwerk und diverse Kooperationen mit anderen Leistungserbringern und sozialen Einrichtungen. Auf Grund der Gr\u00f6\u00dfe unseres Teams verf\u00fcgt die Praxis \u00fcber ein breites Spektrum an Patienten, so dass Spezialisierungen bei Wunsch m\u00f6glich sind.<\/p>\n<p><strong>F\u00fcr unsere Praxen in Gera und Bad K\u00f6stritz suchen wir ab sofort oder sp\u00e4ter eine neue Mitarbeiterin oder einen neuen Mitarbeiter.<\/strong><\/p>\n<p>Ihre Bewerbung richten Sie bitte an die im Impressum angegebene eMail-Adresse oder per Post an die Praxis.<\/p>\n<p><b>Wir bieten:<\/b><\/p>\n<p>&#8211; keine Willkommenspr\u00e4mie, Wechselbonus oder utopische Lohnsummen, die nur mit einem \u00fcberdimensionierten Arbeitspensum tragbar sind<\/p>\n<p><b>stattdessen aber:<\/b><\/p>\n<p>&#8211; einen abwechslungsreichen Arbeitsplatz (Patienten verschiedenster St\u00f6rungsbilder)<br \/>&#8211; ein Team, in dem man wertsch\u00e4tzend und unterst\u00fctzend miteinander umgeht<br \/>&#8211; wahlweise Teil- oder Vollzeit mit freier Zeiteinteilung<br \/>&#8211; sehr gute Verg\u00fctung, bezahlte Vor- und Nachbereitungszeit sowie Verg\u00fctung bei Anfahrt zu Hausbesuchen, monatlichen Tankgutschein, Lohnerh\u00f6hungen bei Honorarsteigerungen durch die Krankenkassen<br \/>&#8211; betriebliche und vom Arbeitgeber gest\u00fctzte Altersvorsorge<br \/>&#8211; mindestens eine bezahlte Fortbildung pro Jahr<br \/>&#8211; zus\u00e4tzliche Verg\u00fctung f\u00fcr die Betreuung von Patienten im Hausbesuch<br \/>&#8211; 13. Monatsgehalt<br \/>&#8211; gestaffelter Urlaub (je nach Dauer der Betriebszugeh\u00f6rigkeit) bis 35 Tage pro Jahr und arbeitsfrei zum Geburtstag<br \/>&#8211; w\u00f6chentliche Team-Besprechungen sowie interne Fortbildungen<br \/>&#8211; M\u00f6glichkeit zur Supervision und Hospitation<br \/>&#8211; moderne PC-Arbeitspl\u00e4tze mit zentralem Zugang zum Terminverwaltungssystem, Tests und Therapiematerialien<br \/>&#8211; Einarbeitungszeit<br \/>&#8211; Mitarbeiterparkplatz<\/p>\n<p><b>Wir suchen eine(n) aufgeschlossene(n) Kollegin(\/en),<\/b><\/p>\n<p>&#8211; die\/der bereit ist, Patienten mit unterschiedlichen St\u00f6rungsbildern in der Praxis, in Einrichtungen und im Hausbesuch zu betreuen, Schwerpunktsetzung ist m\u00f6glich<br \/>&#8211; seine Arbeit engagiert mit Herz und Verstand ausf\u00fchrt<br \/>&#8211; sich gern weiterentwickelt und auch mal \u00fcber den Tellerrand hinausschaut<br \/>&#8211; Freude an ihrer\/seiner Arbeit hat und das auch ausstrahlt<\/p>\n<p>\u00a0<\/p>\n<p>Initiativbewerbungen sind grunds\u00e4tzlich in allen Praxen gern gesehen.<\/p>\n<p>\u00a0<\/p>\n\n\n<p><\/p>\n","protected":false},"excerpt":{"rendered":"<p>Wir sind eine \u00fcber viele Jahre etablierte Praxis und arbeiten an vier Standorten in Hermsdorf, Eisenberg, Gera und Bad K\u00f6stritz. Die Praxis verf\u00fcgt \u00fcber ein gut ausgebautes Netzwerk und diverse Kooperationen mit anderen Leistungserbringern und sozialen Einrichtungen. Auf Grund der Gr\u00f6\u00dfe unseres Teams verf\u00fcgt die Praxis \u00fcber ein breites Spektrum an Patienten, so dass Spezialisierungen [&hellip;]<\/p>\n","protected":false},"author":3,"featured_media":0,"parent":0,"menu_order":0,"comment_status":"closed","ping_status":"closed","template":"","meta":{"footnotes":""},"class_list":["post-62","page","type-page","status-publish","hentry"],"_links":{"self":[{"href":"https:\/\/logopaedie-hoeber.de\/index.php?rest_route=\/wp\/v2\/pages\/62","targetHints":{"allow":["GET"]}}],"collection":[{"href":"https:\/\/logopaedie-hoeber.de\/index.php?rest_route=\/wp\/v2\/pages"}],"about":[{"href":"https:\/\/logopaedie-hoeber.de\/index.php?rest_route=\/wp\/v2\/types\/page"}],"author":[{"embeddable":true,"href":"https:\/\/logopaedie-hoeber.de\/index.php?rest_route=\/wp\/v2\/users\/3"}],"replies":[{"embeddable":true,"href":"https:\/\/logopaedie-hoeber.de\/index.php?rest_route=%2Fwp%2Fv2%2Fcomments&post=62"}],"version-history":[{"count":32,"href":"https:\/\/logopaedie-hoeber.de\/index.php?rest_route=\/wp\/v2\/pages\/62\/revisions"}],"predecessor-version":[{"id":537,"href":"https:\/\/logopaedie-hoeber.de\/index.php?rest_route=\/wp\/v2\/pages\/62\/revisions\/537"}],"wp:attachment":[{"href":"https:\/\/logopaedie-hoeber.de\/index.php?rest_route=%2Fwp%2Fv2%2Fmedia&parent=62"}],"curies":[{"name":"wp","href":"https:\/\/api.w.org\/{rel}","templated":true}]}}