{"id":46,"date":"2016-09-27T21:23:36","date_gmt":"2016-09-27T19:23:36","guid":{"rendered":"http:\/\/localhost\/wordpress\/?page_id=46"},"modified":"2018-05-01T10:22:01","modified_gmt":"2018-05-01T09:22:01","slug":"praxis-hermsdorf","status":"publish","type":"page","link":"https:\/\/logopaedie-hoeber.de\/?page_id=46","title":{"rendered":"Praxis Hermsdorf"},"content":{"rendered":"<h2>Kontakt und \u00d6ffnungszeiten<\/h2>\n<p>Eisenberger Stra\u00dfe 79 im &#8222;Wei\u00dfen Haus&#8220;<br \/>\n07629 Hermsdorf<\/p>\n<p>Tel.: 036601 \/ 21 98 90<br \/>\neMail: info (at) logopaedie-hermsdorf.de<\/p>\n<p>&nbsp;<\/p>\n<p>\u00d6ffnungszeiten:<\/p>\n<p>Termine und Hausbesuche nach Vereinbarung<\/p>\n<h2>Weitere Informationen<\/h2>\n<p><a href=\"http:\/\/logopaedie-hoeber.de\/?page_id=104\">Anfahrt zur Praxis Hermsdorf<\/a><\/p>\n<p><a href=\"http:\/\/logopaedie-hoeber.de\/?page_id=106\">Unsere Praxis Hermsdorf in Bildern<\/a><\/p>\n<p><a href=\"http:\/\/logopaedie-hoeber.de\/?page_id=108\">Unser Team der Praxis Hermsdorf in\u00a0 Bildern<\/a><\/p>\n","protected":false},"excerpt":{"rendered":"<p>Kontakt und \u00d6ffnungszeiten Eisenberger Stra\u00dfe 79 im &#8222;Wei\u00dfen Haus&#8220; 07629 Hermsdorf Tel.: 036601 \/ 21 98 90 eMail: info (at) logopaedie-hermsdorf.de &nbsp; \u00d6ffnungszeiten: Termine und Hausbesuche nach Vereinbarung Weitere Informationen Anfahrt zur Praxis Hermsdorf Unsere Praxis Hermsdorf in Bildern Unser Team der Praxis Hermsdorf in\u00a0 Bildern<\/p>\n","protected":false},"author":3,"featured_media":0,"parent":0,"menu_order":0,"comment_status":"closed","ping_status":"closed","template":"","meta":{"footnotes":""},"class_list":["post-46","page","type-page","status-publish","hentry"],"_links":{"self":[{"href":"https:\/\/logopaedie-hoeber.de\/index.php?rest_route=\/wp\/v2\/pages\/46","targetHints":{"allow":["GET"]}}],"collection":[{"href":"https:\/\/logopaedie-hoeber.de\/index.php?rest_route=\/wp\/v2\/pages"}],"about":[{"href":"https:\/\/logopaedie-hoeber.de\/index.php?rest_route=\/wp\/v2\/types\/page"}],"author":[{"embeddable":true,"href":"https:\/\/logopaedie-hoeber.de\/index.php?rest_route=\/wp\/v2\/users\/3"}],"replies":[{"embeddable":true,"href":"https:\/\/logopaedie-hoeber.de\/index.php?rest_route=%2Fwp%2Fv2%2Fcomments&post=46"}],"version-history":[{"count":13,"href":"https:\/\/logopaedie-hoeber.de\/index.php?rest_route=\/wp\/v2\/pages\/46\/revisions"}],"predecessor-version":[{"id":339,"href":"https:\/\/logopaedie-hoeber.de\/index.php?rest_route=\/wp\/v2\/pages\/46\/revisions\/339"}],"wp:attachment":[{"href":"https:\/\/logopaedie-hoeber.de\/index.php?rest_route=%2Fwp%2Fv2%2Fmedia&parent=46"}],"curies":[{"name":"wp","href":"https:\/\/api.w.org\/{rel}","templated":true}]}}