{"id":412,"date":"2021-04-08T19:58:27","date_gmt":"2021-04-08T18:58:27","guid":{"rendered":"https:\/\/logopaedie-hoeber.de\/?page_id=412"},"modified":"2021-04-12T12:32:12","modified_gmt":"2021-04-12T11:32:12","slug":"padovantherapie","status":"publish","type":"page","link":"https:\/\/logopaedie-hoeber.de\/?page_id=412","title":{"rendered":"Padovantherapie"},"content":{"rendered":"<p><strong>Padovan-Methode Neurofunktionelle Reorganisation\u00ae<\/strong><\/p>\n<p>Die&nbsp;klassische <strong>Padovan-Methode<\/strong>\u00ae ist ein ganzheitlicher Therapieansatz, der neurophysiologische Entwicklungsprozesse auf nat\u00fcrliche und dynamische Art und Weise wiederholt und orientiert sich daran, wie ein gesunder Mensch normalerweise seine Entwicklung und Reifung durchl\u00e4uft. Die Methode beinhaltet Bewegungsmuster des menschlichen Fortbewegungssystems und Aufrichtungsprozesses, Hand- und Augenbewegungen sowie neuroevolutive Bewegungsmuster des oralen Systems, um die orofazialen Funktionen Atmen, Saugen, Kauen und Schlucken auszugleichen, was u.a. f\u00fcr die Behandlung kieferorthop\u00e4discher Patienten von gro\u00dfer Bedeutung ist.<\/p>\n<p>Das Ziel der Behandlung ist immer das Zentralnervensystem neu zu organisieren und seine Reifung zu erwirken. Dieses Vorgehen unterscheidet sich von anderen klassischen symptomorientierten Therapiemethoden und setzt an den Ursachen f\u00fcr St\u00f6rungen, wie z.B. Lautbildungsschwierigkeiten, Sprachentwicklungsst\u00f6rungen und Lese-Rechtschreibproblemen an. Diese Therapieform wird auch angewandt, wenn bereits erworbene F\u00e4higkeiten, z.B. durch einen Schlaganfall verloren gegangen sind.<\/p>\n<p>Ihre Ansprechpartnerin in unserer Praxis:<br \/>\nAnnika St\u00f6ckel (ausgebildete Padovantherapeutin\u00ae) 036605-133724<\/p>\n<p><a href=\"http:\/\/www.padovan-gesellschaft.de\/\">www.padovan-gesellschaft.de<\/a><\/p>\n","protected":false},"excerpt":{"rendered":"<p>Padovan-Methode Neurofunktionelle Reorganisation\u00ae Die&nbsp;klassische Padovan-Methode\u00ae ist ein ganzheitlicher Therapieansatz, der neurophysiologische Entwicklungsprozesse auf nat\u00fcrliche und dynamische Art und Weise wiederholt und orientiert sich daran, wie ein gesunder Mensch normalerweise seine Entwicklung und Reifung durchl\u00e4uft. Die Methode beinhaltet Bewegungsmuster des menschlichen Fortbewegungssystems und Aufrichtungsprozesses, Hand- und Augenbewegungen sowie neuroevolutive Bewegungsmuster des oralen Systems, um die orofazialen [&hellip;]<\/p>\n","protected":false},"author":3,"featured_media":0,"parent":0,"menu_order":0,"comment_status":"closed","ping_status":"closed","template":"","meta":{"footnotes":""},"class_list":["post-412","page","type-page","status-publish","hentry"],"_links":{"self":[{"href":"https:\/\/logopaedie-hoeber.de\/index.php?rest_route=\/wp\/v2\/pages\/412","targetHints":{"allow":["GET"]}}],"collection":[{"href":"https:\/\/logopaedie-hoeber.de\/index.php?rest_route=\/wp\/v2\/pages"}],"about":[{"href":"https:\/\/logopaedie-hoeber.de\/index.php?rest_route=\/wp\/v2\/types\/page"}],"author":[{"embeddable":true,"href":"https:\/\/logopaedie-hoeber.de\/index.php?rest_route=\/wp\/v2\/users\/3"}],"replies":[{"embeddable":true,"href":"https:\/\/logopaedie-hoeber.de\/index.php?rest_route=%2Fwp%2Fv2%2Fcomments&post=412"}],"version-history":[{"count":5,"href":"https:\/\/logopaedie-hoeber.de\/index.php?rest_route=\/wp\/v2\/pages\/412\/revisions"}],"predecessor-version":[{"id":457,"href":"https:\/\/logopaedie-hoeber.de\/index.php?rest_route=\/wp\/v2\/pages\/412\/revisions\/457"}],"wp:attachment":[{"href":"https:\/\/logopaedie-hoeber.de\/index.php?rest_route=%2Fwp%2Fv2%2Fmedia&parent=412"}],"curies":[{"name":"wp","href":"https:\/\/api.w.org\/{rel}","templated":true}]}}