{"id":410,"date":"2021-04-08T19:59:45","date_gmt":"2021-04-08T18:59:45","guid":{"rendered":"https:\/\/logopaedie-hoeber.de\/?page_id=410"},"modified":"2021-04-12T12:35:03","modified_gmt":"2021-04-12T11:35:03","slug":"si-therapie-sensorische-integration","status":"publish","type":"page","link":"https:\/\/logopaedie-hoeber.de\/?page_id=410","title":{"rendered":"SI-Therapie (Sensorische Integration)"},"content":{"rendered":"<p>Bei einer St\u00f6rung der sensorischen Integration erfolgt keine ad\u00e4quate Anpassungsreaktion auf einen vorhandenen Reiz. Ziel der Therapie ist es, verschiedene sensorische und neurologische Impulse aufeinander abzustimmen. Es ist ein grunds\u00e4tzliches Anliegen dieser Therapieform, verhaltensauff\u00e4llige Kinder in der Bew\u00e4ltigung ihres Alltags zu unterst\u00fctzen und in ihrer Selbst\u00e4ndikeit zu f\u00f6rdern.<\/p>\n<p>Ihre Ansprechpartnerin in unserer Praxis:<br \/>\nJ. Hausotte (ausgebildete Therapeutin f\u00fcr Sensorische Integrationstherapie (S.I.) nach Dr. Jean Ayres) 0365 &#8211; 73329530<\/p>\n<p><a href=\"http:\/\/www.si-ga.de\/\">www.si-ga.de<\/a><\/p>\n","protected":false},"excerpt":{"rendered":"<p>Bei einer St\u00f6rung der sensorischen Integration erfolgt keine ad\u00e4quate Anpassungsreaktion auf einen vorhandenen Reiz. Ziel der Therapie ist es, verschiedene sensorische und neurologische Impulse aufeinander abzustimmen. Es ist ein grunds\u00e4tzliches Anliegen dieser Therapieform, verhaltensauff\u00e4llige Kinder in der Bew\u00e4ltigung ihres Alltags zu unterst\u00fctzen und in ihrer Selbst\u00e4ndikeit zu f\u00f6rdern. Ihre Ansprechpartnerin in unserer Praxis: J. Hausotte [&hellip;]<\/p>\n","protected":false},"author":3,"featured_media":0,"parent":0,"menu_order":0,"comment_status":"closed","ping_status":"closed","template":"","meta":{"footnotes":""},"class_list":["post-410","page","type-page","status-publish","hentry"],"_links":{"self":[{"href":"https:\/\/logopaedie-hoeber.de\/index.php?rest_route=\/wp\/v2\/pages\/410","targetHints":{"allow":["GET"]}}],"collection":[{"href":"https:\/\/logopaedie-hoeber.de\/index.php?rest_route=\/wp\/v2\/pages"}],"about":[{"href":"https:\/\/logopaedie-hoeber.de\/index.php?rest_route=\/wp\/v2\/types\/page"}],"author":[{"embeddable":true,"href":"https:\/\/logopaedie-hoeber.de\/index.php?rest_route=\/wp\/v2\/users\/3"}],"replies":[{"embeddable":true,"href":"https:\/\/logopaedie-hoeber.de\/index.php?rest_route=%2Fwp%2Fv2%2Fcomments&post=410"}],"version-history":[{"count":5,"href":"https:\/\/logopaedie-hoeber.de\/index.php?rest_route=\/wp\/v2\/pages\/410\/revisions"}],"predecessor-version":[{"id":459,"href":"https:\/\/logopaedie-hoeber.de\/index.php?rest_route=\/wp\/v2\/pages\/410\/revisions\/459"}],"wp:attachment":[{"href":"https:\/\/logopaedie-hoeber.de\/index.php?rest_route=%2Fwp%2Fv2%2Fmedia&parent=410"}],"curies":[{"name":"wp","href":"https:\/\/api.w.org\/{rel}","templated":true}]}}