{"id":408,"date":"2021-04-08T19:57:12","date_gmt":"2021-04-08T18:57:12","guid":{"rendered":"https:\/\/logopaedie-hoeber.de\/?page_id=408"},"modified":"2021-04-12T12:38:47","modified_gmt":"2021-04-12T11:38:47","slug":"lrs-therapie-lese-rechtschreib-stoerung","status":"publish","type":"page","link":"https:\/\/logopaedie-hoeber.de\/?page_id=408","title":{"rendered":"LRS-Therapie (Lese-Rechtschreib-St\u00f6rung)"},"content":{"rendered":"<p>Der Begriff Legasthenie bezeichnet eine spezielle Problematik normal intelligenter Kinder und Erwachsener beim Erlernen des Lesens und \/ oder Schreibens, ohne dass hierf\u00fcr eine \u00e4u\u00dfere Ursache erkennbar ist. Es ist vielmehr die Folge von differenten Sinneswahrmehmungen biogenetischer Ursache. Die systematische Erarbeitung von Lese- und Rechtschreibstrategien und der Ausgleich einzelner, schwacher Teilbereiche sind Ansatz der Therapie.<\/p>\n<p>Ihre Ansprechpartnerinnen in unseren Praxen:<br \/>\nFrau S. B\u00e4rthel (diplomierte LRS-Trainerin) 0365 &#8211; 73329530 und<br \/>\nFrau F. K\u00f6the (diplomierte LRS-Trainerin) 036691 &#8211; 238310<\/p>\n<p><a href=\"www.legasthenie.at\">www.legasthenie.at<\/a><\/p>\n","protected":false},"excerpt":{"rendered":"<p>Der Begriff Legasthenie bezeichnet eine spezielle Problematik normal intelligenter Kinder und Erwachsener beim Erlernen des Lesens und \/ oder Schreibens, ohne dass hierf\u00fcr eine \u00e4u\u00dfere Ursache erkennbar ist. Es ist vielmehr die Folge von differenten Sinneswahrmehmungen biogenetischer Ursache. Die systematische Erarbeitung von Lese- und Rechtschreibstrategien und der Ausgleich einzelner, schwacher Teilbereiche sind Ansatz der Therapie. [&hellip;]<\/p>\n","protected":false},"author":3,"featured_media":0,"parent":0,"menu_order":0,"comment_status":"closed","ping_status":"closed","template":"","meta":{"footnotes":""},"class_list":["post-408","page","type-page","status-publish","hentry"],"_links":{"self":[{"href":"https:\/\/logopaedie-hoeber.de\/index.php?rest_route=\/wp\/v2\/pages\/408","targetHints":{"allow":["GET"]}}],"collection":[{"href":"https:\/\/logopaedie-hoeber.de\/index.php?rest_route=\/wp\/v2\/pages"}],"about":[{"href":"https:\/\/logopaedie-hoeber.de\/index.php?rest_route=\/wp\/v2\/types\/page"}],"author":[{"embeddable":true,"href":"https:\/\/logopaedie-hoeber.de\/index.php?rest_route=\/wp\/v2\/users\/3"}],"replies":[{"embeddable":true,"href":"https:\/\/logopaedie-hoeber.de\/index.php?rest_route=%2Fwp%2Fv2%2Fcomments&post=408"}],"version-history":[{"count":7,"href":"https:\/\/logopaedie-hoeber.de\/index.php?rest_route=\/wp\/v2\/pages\/408\/revisions"}],"predecessor-version":[{"id":458,"href":"https:\/\/logopaedie-hoeber.de\/index.php?rest_route=\/wp\/v2\/pages\/408\/revisions\/458"}],"wp:attachment":[{"href":"https:\/\/logopaedie-hoeber.de\/index.php?rest_route=%2Fwp%2Fv2%2Fmedia&parent=408"}],"curies":[{"name":"wp","href":"https:\/\/api.w.org\/{rel}","templated":true}]}}