{"id":406,"date":"2021-04-12T12:39:17","date_gmt":"2021-04-12T11:39:17","guid":{"rendered":"https:\/\/logopaedie-hoeber.de\/?page_id=406"},"modified":"2021-11-08T22:22:03","modified_gmt":"2021-11-08T21:22:03","slug":"stottertherapie","status":"publish","type":"page","link":"https:\/\/logopaedie-hoeber.de\/?page_id=406","title":{"rendered":"Stottertherapie"},"content":{"rendered":"<p>Wir arbeiten am Stottern im Sinne einer ganzheitlichen, integrativen und personenbezogenen Herangehensweise bei Kindern und Erwachsenen (nach Vorbild von W. Wendlandt).<\/p>\n<p>Das umfasst sowohl eine k\u00f6rperbezogene Sensibiisierung f\u00fcr Sprechabl\u00e4ufe, als auch die therapeutische Arbeit an Angst-, Vermeidungsverhalten und Kognitionen sowie die konkrete Arbeit an den sprechmotorischen Symptomen mit Hilfe von Modifikationstechniken bzw. die Ver\u00e4nderung der gesamten Sprechweise. Die St\u00e4rkung des Selbstbewusstseins und der kommunikativen F\u00e4higkeiten der Klienten sind hierbei ebenfalls von gro\u00dfer Bedeutung.<\/p>\n<p>Ihre Ansprechpartnerin in unserer Praxis:<br \/>\nFrau S. da Rosa 036601 &#8211; 219890<\/p>\n<p><a href=\"https:\/\/www.kasseler-stottertherapie.de\/\">www.kasseler-stottertherapie.de<\/a><\/p>\n","protected":false},"excerpt":{"rendered":"<p>Wir arbeiten am Stottern im Sinne einer ganzheitlichen, integrativen und personenbezogenen Herangehensweise bei Kindern und Erwachsenen (nach Vorbild von W. Wendlandt). Das umfasst sowohl eine k\u00f6rperbezogene Sensibiisierung f\u00fcr Sprechabl\u00e4ufe, als auch die therapeutische Arbeit an Angst-, Vermeidungsverhalten und Kognitionen sowie die konkrete Arbeit an den sprechmotorischen Symptomen mit Hilfe von Modifikationstechniken bzw. die Ver\u00e4nderung der [&hellip;]<\/p>\n","protected":false},"author":3,"featured_media":0,"parent":0,"menu_order":0,"comment_status":"closed","ping_status":"closed","template":"","meta":{"footnotes":""},"class_list":["post-406","page","type-page","status-publish","hentry"],"_links":{"self":[{"href":"https:\/\/logopaedie-hoeber.de\/index.php?rest_route=\/wp\/v2\/pages\/406","targetHints":{"allow":["GET"]}}],"collection":[{"href":"https:\/\/logopaedie-hoeber.de\/index.php?rest_route=\/wp\/v2\/pages"}],"about":[{"href":"https:\/\/logopaedie-hoeber.de\/index.php?rest_route=\/wp\/v2\/types\/page"}],"author":[{"embeddable":true,"href":"https:\/\/logopaedie-hoeber.de\/index.php?rest_route=\/wp\/v2\/users\/3"}],"replies":[{"embeddable":true,"href":"https:\/\/logopaedie-hoeber.de\/index.php?rest_route=%2Fwp%2Fv2%2Fcomments&post=406"}],"version-history":[{"count":6,"href":"https:\/\/logopaedie-hoeber.de\/index.php?rest_route=\/wp\/v2\/pages\/406\/revisions"}],"predecessor-version":[{"id":479,"href":"https:\/\/logopaedie-hoeber.de\/index.php?rest_route=\/wp\/v2\/pages\/406\/revisions\/479"}],"wp:attachment":[{"href":"https:\/\/logopaedie-hoeber.de\/index.php?rest_route=%2Fwp%2Fv2%2Fmedia&parent=406"}],"curies":[{"name":"wp","href":"https:\/\/api.w.org\/{rel}","templated":true}]}}