{"id":403,"date":"2021-04-12T12:29:56","date_gmt":"2021-04-12T11:29:56","guid":{"rendered":"https:\/\/logopaedie-hoeber.de\/?page_id=403"},"modified":"2021-04-12T12:29:56","modified_gmt":"2021-04-12T11:29:56","slug":"spezialisierung","status":"publish","type":"page","link":"https:\/\/logopaedie-hoeber.de\/?page_id=403","title":{"rendered":"Spezialisierung"},"content":{"rendered":"<p>Auf Grund der Gr\u00f6\u00dfe unserer Praxis stehen Ihnen zu verschiedensten logop\u00e4dischen Therapieans\u00e4tzen und St\u00f6rungsbildern unsere Fachtherapeuten hilfreich zur Seite. Setzen Sie sich gern unter der jeweils angegebenen Telefonnumer mit uns in Verbindung.<\/p>\n","protected":false},"excerpt":{"rendered":"<p>Auf Grund der Gr\u00f6\u00dfe unserer Praxis stehen Ihnen zu verschiedensten logop\u00e4dischen Therapieans\u00e4tzen und St\u00f6rungsbildern unsere Fachtherapeuten hilfreich zur Seite. Setzen Sie sich gern unter der jeweils angegebenen Telefonnumer mit uns in Verbindung.<\/p>\n","protected":false},"author":3,"featured_media":0,"parent":0,"menu_order":0,"comment_status":"closed","ping_status":"closed","template":"","meta":{"footnotes":""},"class_list":["post-403","page","type-page","status-publish","hentry"],"_links":{"self":[{"href":"https:\/\/logopaedie-hoeber.de\/index.php?rest_route=\/wp\/v2\/pages\/403","targetHints":{"allow":["GET"]}}],"collection":[{"href":"https:\/\/logopaedie-hoeber.de\/index.php?rest_route=\/wp\/v2\/pages"}],"about":[{"href":"https:\/\/logopaedie-hoeber.de\/index.php?rest_route=\/wp\/v2\/types\/page"}],"author":[{"embeddable":true,"href":"https:\/\/logopaedie-hoeber.de\/index.php?rest_route=\/wp\/v2\/users\/3"}],"replies":[{"embeddable":true,"href":"https:\/\/logopaedie-hoeber.de\/index.php?rest_route=%2Fwp%2Fv2%2Fcomments&post=403"}],"version-history":[{"count":4,"href":"https:\/\/logopaedie-hoeber.de\/index.php?rest_route=\/wp\/v2\/pages\/403\/revisions"}],"predecessor-version":[{"id":449,"href":"https:\/\/logopaedie-hoeber.de\/index.php?rest_route=\/wp\/v2\/pages\/403\/revisions\/449"}],"wp:attachment":[{"href":"https:\/\/logopaedie-hoeber.de\/index.php?rest_route=%2Fwp%2Fv2%2Fmedia&parent=403"}],"curies":[{"name":"wp","href":"https:\/\/api.w.org\/{rel}","templated":true}]}}