{"id":369,"date":"2020-01-09T23:18:31","date_gmt":"2020-01-09T22:18:31","guid":{"rendered":"http:\/\/logopaedie-hoeber.de\/?page_id=369"},"modified":"2021-11-08T22:21:24","modified_gmt":"2021-11-08T21:21:24","slug":"bad-koestritz-anfahrt","status":"publish","type":"page","link":"https:\/\/logopaedie-hoeber.de\/?page_id=369","title":{"rendered":"Bad K\u00f6stritz Anfahrt"},"content":{"rendered":"<p>G\u00fcnstig gelegen, an der Kreuzung Goethestra\u00dfe\/Werner-Sylten-Stra\u00dfe, finden Sie uns im Eckhaus. Sie k\u00f6nnen in der gesamten Goethestra\u00dfe kostenfrei parken.<\/p>\n<p>Standort und Routenplanung bei <a href=\"https:\/\/www.google.com\/maps\/place\/Goethetra\u00dfe+4,+07586+Bad+K\u00f6stritz\">Google Maps<\/a>.<\/p>\n\n\n<p><\/p>\n","protected":false},"excerpt":{"rendered":"<p>G\u00fcnstig gelegen, an der Kreuzung Goethestra\u00dfe\/Werner-Sylten-Stra\u00dfe, finden Sie uns im Eckhaus. Sie k\u00f6nnen in der gesamten Goethestra\u00dfe kostenfrei parken. Standort und Routenplanung bei Google Maps.<\/p>\n","protected":false},"author":4,"featured_media":0,"parent":0,"menu_order":0,"comment_status":"closed","ping_status":"closed","template":"","meta":{"footnotes":""},"class_list":["post-369","page","type-page","status-publish","hentry"],"_links":{"self":[{"href":"https:\/\/logopaedie-hoeber.de\/index.php?rest_route=\/wp\/v2\/pages\/369","targetHints":{"allow":["GET"]}}],"collection":[{"href":"https:\/\/logopaedie-hoeber.de\/index.php?rest_route=\/wp\/v2\/pages"}],"about":[{"href":"https:\/\/logopaedie-hoeber.de\/index.php?rest_route=\/wp\/v2\/types\/page"}],"author":[{"embeddable":true,"href":"https:\/\/logopaedie-hoeber.de\/index.php?rest_route=\/wp\/v2\/users\/4"}],"replies":[{"embeddable":true,"href":"https:\/\/logopaedie-hoeber.de\/index.php?rest_route=%2Fwp%2Fv2%2Fcomments&post=369"}],"version-history":[{"count":2,"href":"https:\/\/logopaedie-hoeber.de\/index.php?rest_route=\/wp\/v2\/pages\/369\/revisions"}],"predecessor-version":[{"id":478,"href":"https:\/\/logopaedie-hoeber.de\/index.php?rest_route=\/wp\/v2\/pages\/369\/revisions\/478"}],"wp:attachment":[{"href":"https:\/\/logopaedie-hoeber.de\/index.php?rest_route=%2Fwp%2Fv2%2Fmedia&parent=369"}],"curies":[{"name":"wp","href":"https:\/\/api.w.org\/{rel}","templated":true}]}}